{"id":44,"date":"2018-04-21T18:33:45","date_gmt":"2018-04-21T16:33:45","guid":{"rendered":"http:\/\/valerielebrun.be\/?page_id=44"},"modified":"2018-10-07T15:35:45","modified_gmt":"2018-10-07T13:35:45","slug":"adresse","status":"publish","type":"page","link":"https:\/\/valerielebrun.be\/?page_id=44","title":{"rendered":"Adresse"},"content":{"rendered":"<style type=\"text\/css\"><\/style>\n<section class=\"kc-elm kc-css-2329409 kc_row\">\n<div class=\"kc-row-container  kc-container\">\n<div class=\"kc-wrap-columns\">\n<div class=\"kc-elm kc-css-912450 kc_col-sm-12 kc_column kc_col-sm-12\">\n<div class=\"kc-col-container\">\n<div class=\"kc-elm kc-css-2367224 kc_text_block\">\n<p>\nJe vous re\u00e7ois \u00e0 Auderghem, Avenue Daniel Boon 9.<\/p>\n<p>M\u00e9tro Herrmann Debroux &#8211; Bus 41 &#8211; Tram 8<\/p>\n<\/div>\n<div class=\"kc-elm kc-css-1005382 kc_google_maps kc_shortcode\">\n<div style=\"height: 350px\" class=\"kc-google-maps\"><iframe loading=\"lazy\" src=\"https:\/\/www.google.com\/maps\/embed?pb=!1m18!1m12!1m3!1d2521.066959790088!2d4.429563815155587!3d50.81139806917269!2m3!1f0!2f0!3f0!3m2!1i1024!2i768!4f13.1!3m3!1m2!1s0x47c3db19a8b4e1a7%3A0x7d60795e477921ad!2sAvenue+Daniel+Boon+9%2C+1160+Auderghem!5e0!3m2!1sfr!2sbe!4v1524349912346\" width=\"100%\" height=\"350\" frameborder=\"0\" style=\"border:0\" allowfullscreen><\/iframe><\/div>\n<\/div>\n<\/div>\n<\/div>\n<\/div>\n<\/div>\n<\/section>\n","protected":false},"excerpt":{"rendered":"<p>Je vous re\u00e7ois \u00e0 Auderghem, Avenue Daniel Boon 9. M\u00e9tro Herrmann Debroux &#8211; Bus 41 &#8211; Tram 8<\/p>\n","protected":false},"author":1,"featured_media":0,"parent":0,"menu_order":0,"comment_status":"closed","ping_status":"closed","template":"","meta":{"footnotes":""},"class_list":["post-44","page","type-page","status-publish","hentry"],"_links":{"self":[{"href":"https:\/\/valerielebrun.be\/index.php?rest_route=\/wp\/v2\/pages\/44","targetHints":{"allow":["GET"]}}],"collection":[{"href":"https:\/\/valerielebrun.be\/index.php?rest_route=\/wp\/v2\/pages"}],"about":[{"href":"https:\/\/valerielebrun.be\/index.php?rest_route=\/wp\/v2\/types\/page"}],"author":[{"embeddable":true,"href":"https:\/\/valerielebrun.be\/index.php?rest_route=\/wp\/v2\/users\/1"}],"replies":[{"embeddable":true,"href":"https:\/\/valerielebrun.be\/index.php?rest_route=%2Fwp%2Fv2%2Fcomments&post=44"}],"version-history":[{"count":4,"href":"https:\/\/valerielebrun.be\/index.php?rest_route=\/wp\/v2\/pages\/44\/revisions"}],"predecessor-version":[{"id":161,"href":"https:\/\/valerielebrun.be\/index.php?rest_route=\/wp\/v2\/pages\/44\/revisions\/161"}],"wp:attachment":[{"href":"https:\/\/valerielebrun.be\/index.php?rest_route=%2Fwp%2Fv2%2Fmedia&parent=44"}],"curies":[{"name":"wp","href":"https:\/\/api.w.org\/{rel}","templated":true}]}}