{"id":32,"date":"2018-04-21T18:05:18","date_gmt":"2018-04-21T16:05:18","guid":{"rendered":"http:\/\/valerielebrun.be\/?page_id=32"},"modified":"2018-11-07T21:42:55","modified_gmt":"2018-11-07T20:42:55","slug":"accueil","status":"publish","type":"page","link":"https:\/\/valerielebrun.be\/","title":{"rendered":"Accueil"},"content":{"rendered":"<style type=\"text\/css\"><\/style>\n<section class=\"kc-elm kc-css-3250521 kc_row\">\n<div class=\"kc-row-container  kc-container\">\n<div class=\"kc-wrap-columns\">\n<div class=\"kc-elm kc-css-927927 kc_col-sm-12 kc_column kc_col-sm-12\">\n<div class=\"kc-col-container\">\n<div class=\"kc-elm kc-css-542238 kc_text_block\">\n<p>Aujourd\u2019hui j&rsquo;ai d\u00e9cid\u00e9 de mettre \u00e0 profit diff\u00e9remment mes 20 ann\u00e9es d&rsquo;exp\u00e9rience et de d\u00e9veloppement d&rsquo;expertise comme psychologue, psychoth\u00e9rapeute, conseiller en pr\u00e9vention aspects psychosociaux, coach et chef de service au sein d&rsquo;une grande organisation.<\/p>\n<p>Je vous propose un accompagnement individuel dans un cadre bienveillant au sein duquel nous d\u00e9finirons ensemble l&rsquo;objectif que vous souhaitez atteindre et vers lequel nous mettrons tout en \u0153uvre pour que vous progressiez le plus rapidement possible, tout en prenant le temps n\u00e9cessaire \u00e0 mettre en place des solutions p\u00e9rennes.<\/p>\n<p>Je re\u00e7ois essentiellement des adultes, mais je porte \u00e9galement un int\u00e9r\u00eat particulier aux difficult\u00e9s d&rsquo;ordre scolaire (difficult\u00e9s d&rsquo;apprentissage et\/ou relationnelles) chez les enfants et les adolescents. Je propose aussi des supervisions individuelles pour les jeunes psychologues, les personnes de confiance, les conseillers en pr\u00e9vention sp\u00e9cialis\u00e9s dans les aspects psychosociaux du travail.<\/p>\n<\/div>\n<\/div>\n<\/div>\n<\/div>\n<\/div>\n<\/section>\n","protected":false},"excerpt":{"rendered":"<p>Aujourd\u2019hui j&rsquo;ai d\u00e9cid\u00e9 de mettre \u00e0 profit diff\u00e9remment mes 20 ann\u00e9es d&rsquo;exp\u00e9rience et de d\u00e9veloppement d&rsquo;expertise comme psychologue, psychoth\u00e9rapeute, conseiller en pr\u00e9vention aspects psychosociaux, coach et chef de service au sein d&rsquo;une grande organisation. Je vous propose un accompagnement individuel dans un cadre bienveillant au sein duquel nous d\u00e9finirons ensemble l&rsquo;objectif que vous souhaitez atteindre &hellip; <\/p>\n<p class=\"link-more\"><a href=\"https:\/\/valerielebrun.be\/\" class=\"more-link\">Continuer la lecture<span class=\"screen-reader-text\"> de &laquo;&nbsp;Accueil&nbsp;&raquo;<\/span><\/a><\/p>\n","protected":false},"author":1,"featured_media":0,"parent":0,"menu_order":0,"comment_status":"closed","ping_status":"closed","template":"","meta":{"footnotes":""},"class_list":["post-32","page","type-page","status-publish","hentry"],"_links":{"self":[{"href":"https:\/\/valerielebrun.be\/index.php?rest_route=\/wp\/v2\/pages\/32","targetHints":{"allow":["GET"]}}],"collection":[{"href":"https:\/\/valerielebrun.be\/index.php?rest_route=\/wp\/v2\/pages"}],"about":[{"href":"https:\/\/valerielebrun.be\/index.php?rest_route=\/wp\/v2\/types\/page"}],"author":[{"embeddable":true,"href":"https:\/\/valerielebrun.be\/index.php?rest_route=\/wp\/v2\/users\/1"}],"replies":[{"embeddable":true,"href":"https:\/\/valerielebrun.be\/index.php?rest_route=%2Fwp%2Fv2%2Fcomments&post=32"}],"version-history":[{"count":20,"href":"https:\/\/valerielebrun.be\/index.php?rest_route=\/wp\/v2\/pages\/32\/revisions"}],"predecessor-version":[{"id":166,"href":"https:\/\/valerielebrun.be\/index.php?rest_route=\/wp\/v2\/pages\/32\/revisions\/166"}],"wp:attachment":[{"href":"https:\/\/valerielebrun.be\/index.php?rest_route=%2Fwp%2Fv2%2Fmedia&parent=32"}],"curies":[{"name":"wp","href":"https:\/\/api.w.org\/{rel}","templated":true}]}}